{"id":11,"date":"2022-06-17T15:27:34","date_gmt":"2022-06-17T15:27:34","guid":{"rendered":"https:\/\/traum1001.de\/?page_id=11"},"modified":"2022-06-17T15:27:34","modified_gmt":"2022-06-17T15:27:34","slug":"preise-vorgehen","status":"publish","type":"page","link":"https:\/\/traum1001.de\/index.php\/preise-vorgehen\/","title":{"rendered":"Preise \/ Vorgehen"},"content":{"rendered":"\n<p>Du mailst mir, wir besprechen Deinen Wunsch.<\/p>\n\n\n\n<p>F\u00fcr Hochzeitsreportagen (6-8 Stunden) verlange ich \u20ac 1.200,00, f\u00fcr ein Fotoshooting (1-3 Stunden) \u20ac 300,00.<\/p>\n\n\n\n<p>Du kannst dir einen sch\u00f6nen Ort aussuchen, wo wir die Bilder machen. Hast du es lieber, k\u00f6nnen wir gern in mein Fotostudio gehen. (Blitzanlage, 8 verschiedenfarbene Hintergr\u00fcnde).<\/p>\n\n\n\n<p>Ich verarbeite die Bilder, passe die Farben an, bestimme den idealen Ausschnitt und setzte sie vom RAW-Format in das standardisierte JPG-Format um.<\/p>\n\n\n\n<p>Du bekommst das Ergebnis in einer Woche. Wenn ich viel zu tun habe, in zwei Wochen. Allersp\u00e4testens in einem Monat. Versprochen.<\/p>\n\n\n\n<p>Gru\u00df, Dein Kurt.<\/p>\n","protected":false},"excerpt":{"rendered":"<p>Du mailst mir, wir besprechen Deinen Wunsch. F\u00fcr Hochzeitsreportagen (6-8 Stunden) verlange ich \u20ac 1.200,00, f\u00fcr ein Fotoshooting (1-3 Stunden) \u20ac 300,00. Du kannst dir &hellip;<\/p>\n","protected":false},"author":1,"featured_media":0,"parent":0,"menu_order":0,"comment_status":"closed","ping_status":"closed","template":"","meta":{"footnotes":""},"class_list":["post-11","page","type-page","status-publish","hentry"],"_links":{"self":[{"href":"https:\/\/traum1001.de\/index.php\/wp-json\/wp\/v2\/pages\/11","targetHints":{"allow":["GET"]}}],"collection":[{"href":"https:\/\/traum1001.de\/index.php\/wp-json\/wp\/v2\/pages"}],"about":[{"href":"https:\/\/traum1001.de\/index.php\/wp-json\/wp\/v2\/types\/page"}],"author":[{"embeddable":true,"href":"https:\/\/traum1001.de\/index.php\/wp-json\/wp\/v2\/users\/1"}],"replies":[{"embeddable":true,"href":"https:\/\/traum1001.de\/index.php\/wp-json\/wp\/v2\/comments?post=11"}],"version-history":[{"count":1,"href":"https:\/\/traum1001.de\/index.php\/wp-json\/wp\/v2\/pages\/11\/revisions"}],"predecessor-version":[{"id":12,"href":"https:\/\/traum1001.de\/index.php\/wp-json\/wp\/v2\/pages\/11\/revisions\/12"}],"wp:attachment":[{"href":"https:\/\/traum1001.de\/index.php\/wp-json\/wp\/v2\/media?parent=11"}],"curies":[{"name":"wp","href":"https:\/\/api.w.org\/{rel}","templated":true}]}}